{"id":2,"date":"2025-02-09T22:54:37","date_gmt":"2025-02-09T21:54:37","guid":{"rendered":"http:\/\/vgmxwoo.cluster029.hosting.ovh.net\/?page_id=2"},"modified":"2025-02-18T15:00:30","modified_gmt":"2025-02-18T14:00:30","slug":"page-d-exemple","status":"publish","type":"page","link":"https:\/\/www.circulacoop.be\/index.php\/page-d-exemple\/","title":{"rendered":"La coop\u00e9rative"},"content":{"rendered":"<div class=\"\" data-mesh-id=\"comp-lp186ezf1inlineContent\" data-testid=\"inline-content\">\n<div data-mesh-id=\"comp-lp186ezf1inlineContent-gridContainer\" data-testid=\"mesh-container-content\">\n<div id=\"comp-lp186ezl\" class=\"HcOXKn c9GqVL QxJLC3 lq2cno YQcXTT comp-lp186ezl wixui-rich-text\" data-testid=\"richTextElement\">\n<h3 class=\"font_7 wixui-rich-text__text\" style=\"text-align: center;\"><span class=\"wixui-rich-text__text\">Pour t\u00e9l\u00e9charger les statuts,\u00a0<\/span><\/h3>\n<h3 class=\"font_7 wixui-rich-text__text\" style=\"text-align: center;\"><a href=\"https:\/\/www.circulacoop.be\/wp-content\/uploads\/2025\/02\/210111-Statuts-Circulacoop.pdf\" target=\"_blank\" rel=\"noopener\"><span class=\"wixui-rich-text__text\">cliquez ici<\/span><\/a><\/h3>\n<\/div>\n<\/div>\n<\/div>\n\n\n<div style=\"height:30px\" aria-hidden=\"true\" class=\"wp-block-spacer\"><\/div>\n\n\n\n<div class=\"wp-block-columns is-layout-flex wp-container-core-columns-is-layout-9d6595d7 wp-block-columns-is-layout-flex\">\n<div class=\"wp-block-column is-layout-flow wp-block-column-is-layout-flow\"><div class=\"wp-block-image\">\n<figure class=\"aligncenter size-full\"><img loading=\"lazy\" decoding=\"async\" width=\"90\" height=\"77\" src=\"https:\/\/www.circulacoop.be\/wp-content\/uploads\/2025\/02\/tC3A9lC3A9chargement-300x77_edited.jpg\" alt=\"\" class=\"wp-image-159\"\/><\/figure>\n<\/div>\n\n\n<p class=\"has-text-align-center\"><a href=\"https:\/\/economie.fgov.be\/fr\/themes\/entreprises\/creer-une-entreprise\/demarches-pour-creer-une\/formes-de-societes\/societes-cooperatives\/agrement-des-societes\" data-type=\"link\" data-id=\"https:\/\/economie.fgov.be\/fr\/themes\/entreprises\/creer-une-entreprise\/demarches-pour-creer-une\/formes-de-societes\/societes-cooperatives\/agrement-des-societes\" target=\"_blank\" rel=\"noreferrer noopener\">Soci\u00e9t\u00e9 coop\u00e9rative agr\u00e9\u00e9e<br>(CNC)<\/a><br><a href=\"https:\/\/www.circulacoop.be\/wp-content\/uploads\/2025\/02\/210301-Agrement-CNC-AM-BS-COOP.pdf\" data-type=\"link\" data-id=\"https:\/\/www.circulacoop.be\/wp-content\/uploads\/2025\/02\/210301-Agrement-CNC-AM-BS-COOP.pdf\" target=\"_blank\" rel=\"noreferrer noopener\">Depuis le 01\/03\/2021<\/a><\/p>\n<\/div>\n\n\n\n<div class=\"wp-block-column is-layout-flow wp-block-column-is-layout-flow\"><div class=\"wp-block-image\">\n<figure class=\"aligncenter size-full\"><img loading=\"lazy\" decoding=\"async\" width=\"90\" height=\"77\" src=\"https:\/\/www.circulacoop.be\/wp-content\/uploads\/2025\/02\/tC3A9lC3A9chargement-300x77_edited.jpg\" alt=\"\" class=\"wp-image-159\"\/><\/figure>\n<\/div>\n\n\n<p class=\"has-text-align-center\"><a href=\"https:\/\/economie.fgov.be\/fr\/themes\/entreprises\/creer-une-entreprise\/demarches-pour-creer-une\/formes-de-societes\/societes-cooperatives\/agrement-comme-entreprise\" data-type=\"link\" data-id=\"https:\/\/economie.fgov.be\/fr\/themes\/entreprises\/creer-une-entreprise\/demarches-pour-creer-une\/formes-de-societes\/societes-cooperatives\/agrement-comme-entreprise\" target=\"_blank\" rel=\"noreferrer noopener\">Soci\u00e9t\u00e9 coop\u00e9rative agr\u00e9\u00e9e comme entreprise sociale<\/a><br><a href=\"https:\/\/www.circulacoop.be\/wp-content\/uploads\/2025\/02\/210301-Agrement-entreprise-sociale-AM-BS-SOC.pdf\" data-type=\"link\" data-id=\"https:\/\/www.circulacoop.be\/wp-content\/uploads\/2025\/02\/210301-Agrement-entreprise-sociale-AM-BS-SOC.pdf\" target=\"_blank\" rel=\"noreferrer noopener\">Depuis le 01\/03\/2021<\/a><\/p>\n<\/div>\n\n\n\n<div class=\"wp-block-column is-layout-flow wp-block-column-is-layout-flow\"><div class=\"wp-block-image\">\n<figure class=\"aligncenter size-full is-resized\"><img loading=\"lazy\" decoding=\"async\" width=\"570\" height=\"570\" src=\"https:\/\/www.circulacoop.be\/wp-content\/uploads\/2025\/02\/Logo_CACM_nu.jpg\" alt=\"\" class=\"wp-image-160\" style=\"width:79px;height:auto\" srcset=\"https:\/\/www.circulacoop.be\/wp-content\/uploads\/2025\/02\/Logo_CACM_nu.jpg 570w, https:\/\/www.circulacoop.be\/wp-content\/uploads\/2025\/02\/Logo_CACM_nu-300x300.jpg 300w, https:\/\/www.circulacoop.be\/wp-content\/uploads\/2025\/02\/Logo_CACM_nu-150x150.jpg 150w\" sizes=\"auto, (max-width: 570px) 100vw, 570px\" \/><\/figure>\n<\/div>\n\n\n<p class=\"has-text-align-center\"><a href=\"http:\/\/www.ceinturealimentaire.be\" data-type=\"link\" data-id=\"http:\/\/www.ceinturealimentaire.be\" target=\"_blank\" rel=\"noreferrer noopener\">Ceinture alimentaire<br>Charleroi M\u00e9tropole<\/a><br>Depuis toujours<\/p>\n<\/div>\n<\/div>\n\n\n\n<p><\/p>\n","protected":false},"excerpt":{"rendered":"<p>Pour t\u00e9l\u00e9charger les statuts,\u00a0 cliquez ici Soci\u00e9t\u00e9 coop\u00e9rative agr\u00e9\u00e9e(CNC)Depuis le 01\/03\/2021 Soci\u00e9t\u00e9 coop\u00e9rative agr\u00e9\u00e9e comme entreprise socialeDepuis le 01\/03\/2021 Ceinture alimentaireCharleroi M\u00e9tropoleDepuis toujours<\/p>\n","protected":false},"author":1,"featured_media":0,"parent":0,"menu_order":0,"comment_status":"closed","ping_status":"open","template":"","meta":{"neve_meta_sidebar":"","neve_meta_container":"","neve_meta_enable_content_width":"","neve_meta_content_width":0,"neve_meta_title_alignment":"","neve_meta_author_avatar":"","neve_post_elements_order":"","neve_meta_disable_header":"","neve_meta_disable_footer":"","neve_meta_disable_title":"","footnotes":""},"class_list":["post-2","page","type-page","status-publish","hentry"],"_links":{"self":[{"href":"https:\/\/www.circulacoop.be\/index.php\/wp-json\/wp\/v2\/pages\/2","targetHints":{"allow":["GET"]}}],"collection":[{"href":"https:\/\/www.circulacoop.be\/index.php\/wp-json\/wp\/v2\/pages"}],"about":[{"href":"https:\/\/www.circulacoop.be\/index.php\/wp-json\/wp\/v2\/types\/page"}],"author":[{"embeddable":true,"href":"https:\/\/www.circulacoop.be\/index.php\/wp-json\/wp\/v2\/users\/1"}],"replies":[{"embeddable":true,"href":"https:\/\/www.circulacoop.be\/index.php\/wp-json\/wp\/v2\/comments?post=2"}],"version-history":[{"count":5,"href":"https:\/\/www.circulacoop.be\/index.php\/wp-json\/wp\/v2\/pages\/2\/revisions"}],"predecessor-version":[{"id":172,"href":"https:\/\/www.circulacoop.be\/index.php\/wp-json\/wp\/v2\/pages\/2\/revisions\/172"}],"wp:attachment":[{"href":"https:\/\/www.circulacoop.be\/index.php\/wp-json\/wp\/v2\/media?parent=2"}],"curies":[{"name":"wp","href":"https:\/\/api.w.org\/{rel}","templated":true}]}}